{"id":493,"date":"2015-12-21T23:58:41","date_gmt":"2015-12-21T22:58:41","guid":{"rendered":"http:\/\/www.pplr-otokcres.info\/?page_id=493"},"modified":"2016-08-12T17:15:06","modified_gmt":"2016-08-12T15:15:06","slug":"krajobrazi","status":"publish","type":"page","link":"http:\/\/www.pplr-otokcres.info\/?page_id=493","title":{"rendered":"Krajobrazi"},"content":{"rendered":"<h3 style=\"text-align: center;\">Krajobrazi otoka Cresa &#8211; online GIS baza<\/h3>\n<p>&nbsp;<\/p>\n<h3 style=\"padding-left: 30px;\"><span style=\"color: #00ccff;\">\u0160to se nalazi na interaktivnoj karti<\/span><\/h3>\n<p>&nbsp;<\/p>\n<h5>Ovaj GIS prikaz krajobraznih podru\u010dja otoka Cresa jedan je od rezultata istra\u017eivanja krajobraza provedenog tijekom 2015. godine u sklopu Pilot projekta lokalnog razvoja (PPLR) otoka Cresa. <strong>Studija krajobraza otoka Cresa<\/strong> predstavlja cjelokupni rezultat istra\u017eivanja, a mo\u017eete ju prona\u0107i i preuzeti na web stranici PPLR-a u kategoriji\u00a0<strong><span style=\"color: #0000ff;\"><a style=\"color: #0000ff;\" href=\"http:\/\/www.pplr-otokcres.info\/?page_id=105\">Publikacije<\/a><\/span><\/strong>. Pod istom kategorijom mo\u017eete preuzeti i 4 karte koje se nalaze u prilogu studije:<\/h5>\n<h5>\u2013 Karta osjetljivosti krajobraza hrv<br \/>\n\u2013 Pregledna karta krajobraza hrv<br \/>\n\u2013 Problemska karta krajobraza hrv<br \/>\n\u2013 Karta vizura, prirodnog i kulturnog krajobraza hrv<\/h5>\n<h5>Za potrebe vizualnog prikaza koji slijedi, prikazane su granice 6 oto\u010dnih krajobraznih cjelina te njima pripadaju\u0107ih 15 krajobraznih podru\u010dja.<\/h5>\n<h4><\/h4>\n<p>&nbsp;<\/p>\n<h3 style=\"padding-left: 30px;\"><span style=\"color: #00ccff;\">Kako koristiti interaktivnu kartu\u00a0krajobraznih podru\u010dja<\/span><\/h3>\n<p>&nbsp;<\/p>\n<h5>Razli\u010ditim bojama ozna\u010dena je pripadnost svakog krajobraznog podru\u010dja jednoj krajobraznoj cjelini.\u00a0<span style=\"line-height: 1.5;\">Nakon klika na pojedino podru\u010dje, s lijeve strane \u0107e se pojaviti klizni prozor koji prikazuje reprezentativnu fotografiju tog podru\u010dja, naziv podru\u010dja te sa\u017eeti opis.\u00a0Op\u0161irniji opisi i ve\u0107i broj fotografija nalaze se u publikaciji.<\/span><\/h5>\n<h5>Klikom na ikonu u gornjem lijevom kutu interaktivne karte pojavit \u0107e klizni izbornik i nazivi svih krajobraznih podru\u010dja.\u00a0Klikom na gornju desnu iskonu karta se otvara u novom prozoru i nudi ve\u0107i broj opcija za pregled.<\/h5>\n<h5><\/h5>\n<h5>Publikaciju \u201cStudija krajobraza otoka Cresa\u201d mogu\u0107e je nabaviti i u tiskanoj verziji. Za vi\u0161e informacije obratite se na <strong><a href=\"mailto:info@pplr-otokcres.info\">info@pplr-otokcres.info<\/a><\/strong>.<\/h5>\n<p>&nbsp;<\/p>\n<p><iframe loading=\"lazy\" src=\"https:\/\/www.google.com\/maps\/d\/embed?mid=z3KHj9nZM6vY.kkp3edBbVS_k\" width=\"1000\" height=\"768\"><\/iframe><\/p>\n<div class=\"fcbk_share\"><div class=\"fcbk_like\"><fb:like href=\"http:\/\/www.pplr-otokcres.info\/?page_id=493\" action=\"like\" colorscheme=\"light\" layout=\"button_count\"  share=\"false\"><\/fb:like><\/div><\/div>","protected":false},"excerpt":{"rendered":"<p>Krajobrazi otoka Cresa &#8211; online GIS baza &nbsp; \u0160to se nalazi na interaktivnoj karti &nbsp; Ovaj GIS prikaz krajobraznih podru\u010dja otoka Cresa jedan je od rezultata istra\u017eivanja krajobraza provedenog tijekom 2015. godine u sklopu Pilot projekta lokalnog razvoja (PPLR) otoka Cresa. Studija krajobraza otoka Cresa predstavlja cjelokupni rezultat istra\u017eivanja, a mo\u017eete ju prona\u0107i i preuzeti [&hellip;]<\/p>\n","protected":false},"author":1,"featured_media":0,"parent":0,"menu_order":0,"comment_status":"open","ping_status":"open","template":"fullwidth.php","meta":{"footnotes":""},"_links":{"self":[{"href":"http:\/\/www.pplr-otokcres.info\/index.php?rest_route=\/wp\/v2\/pages\/493"}],"collection":[{"href":"http:\/\/www.pplr-otokcres.info\/index.php?rest_route=\/wp\/v2\/pages"}],"about":[{"href":"http:\/\/www.pplr-otokcres.info\/index.php?rest_route=\/wp\/v2\/types\/page"}],"author":[{"embeddable":true,"href":"http:\/\/www.pplr-otokcres.info\/index.php?rest_route=\/wp\/v2\/users\/1"}],"replies":[{"embeddable":true,"href":"http:\/\/www.pplr-otokcres.info\/index.php?rest_route=%2Fwp%2Fv2%2Fcomments&post=493"}],"version-history":[{"count":5,"href":"http:\/\/www.pplr-otokcres.info\/index.php?rest_route=\/wp\/v2\/pages\/493\/revisions"}],"predecessor-version":[{"id":533,"href":"http:\/\/www.pplr-otokcres.info\/index.php?rest_route=\/wp\/v2\/pages\/493\/revisions\/533"}],"wp:attachment":[{"href":"http:\/\/www.pplr-otokcres.info\/index.php?rest_route=%2Fwp%2Fv2%2Fmedia&parent=493"}],"curies":[{"name":"wp","href":"https:\/\/api.w.org\/{rel}","templated":true}]}}