{"id":105,"date":"2014-07-27T16:36:41","date_gmt":"2014-07-27T14:36:41","guid":{"rendered":"http:\/\/localhost:8888\/pplr\/?page_id=105"},"modified":"2018-04-17T19:26:51","modified_gmt":"2018-04-17T17:26:51","slug":"publikacije","status":"publish","type":"page","link":"https:\/\/www.pplr-otokcres.info\/?page_id=105","title":{"rendered":"Publikacije"},"content":{"rendered":"<h5>PPLR je tijekom godina izdao ve\u0107i broj publikacija od kojih su sve prevedene i na engleski jezik.<\/h5>\n<h5>Klikom na sljede\u0107e linkove automatski zapo\u010dinje download publikacija i bro\u0161ura.<\/h5>\n<p>&nbsp;<\/p>\n<h3>Faza 1 &#8211; Uvod i Dijagnoza<\/h3>\n<p style=\"padding-left: 30px;\"><span style=\"color: #00ccff;\"><a style=\"color: #00ccff;\" href=\"https:\/\/www.dropbox.com\/s\/csn6ntygwk257fn\/PPLR%20otok%20Cres.pdf?dl=1\"><strong>PPLR Otok Cres<\/strong><\/a><\/span><\/p>\n<p style=\"padding-left: 30px;\"><span style=\"color: #00ccff;\"><a style=\"color: #00ccff;\" href=\"https:\/\/www.dropbox.com\/s\/qn78coclcd8r1ik\/PPLR%20Brosura.pdf?dl=1\"><strong>PPLR bro\u0161ura<\/strong><\/a><\/span><\/p>\n<p style=\"padding-left: 30px;\"><span style=\"color: #00ccff;\"><a style=\"color: #00ccff;\" href=\"https:\/\/www.dropbox.com\/s\/346ysam10i8itne\/PPLR%20Vodic.pdf?dl=1\"><strong>PPLR Vodi\u010d<\/strong><\/a><\/span><\/p>\n<p style=\"padding-left: 30px;\"><span style=\"color: #000000;\"><strong><a style=\"color: #000000;\" href=\"https:\/\/www.dropbox.com\/s\/lh0ahsbb0aqur2w\/DijagnozaHrvWeb.pdf?dl=1\">DIJAGNOZA TERITORIJA hrv<\/a><\/strong><\/span><\/p>\n<p style=\"padding-left: 30px;\"><span style=\"color: #000000;\"><a style=\"color: #000000;\" href=\"https:\/\/www.dropbox.com\/s\/x6obskaojkz5fuf\/DijagnozaEngWeb.pdf?dl=1\"><strong>TERRITORIAL DIAGNOSIS eng<\/strong><\/a><\/span><\/p>\n<h3>Faza 2 &#8211; Strategija i partnerstvo<\/h3>\n<p style=\"padding-left: 30px;\"><a style=\"color: #cc99ff;\" href=\"https:\/\/www.dropbox.com\/s\/001893g47p127s9\/Letak_strategija.pdf?dl=1\"><strong>IZRADA STRATEGIJE \/ letak<\/strong><\/a><\/p>\n<p style=\"padding-left: 30px;\"><span style=\"color: #666699;\"><a style=\"color: #666699;\" href=\"https:\/\/www.dropbox.com\/s\/2nm0t2cru7pu22e\/StrateskaNota_MK.pdf?dl=1\"><strong>STRATE\u0160KA NOTA Ministarstvo kulture \/ letak<\/strong><\/a><\/span><\/p>\n<p style=\"padding-left: 30px;\"><span style=\"color: #666699;\"><a style=\"color: #666699;\" href=\"https:\/\/www.dropbox.com\/s\/la9zblcalr59b4q\/StrateskaNota_MRRFEU.pdf?dl=1\"><strong>STRATE\u0160KA NOTA Ministarstvo<\/strong><strong> regionalnog razvoja i fondova EU \/ letak<\/strong><\/a><\/span><\/p>\n<p style=\"padding-left: 30px;\"><a style=\"color: #339966;\" href=\"https:\/\/www.dropbox.com\/s\/z9faogwh6at8s9f\/OkrugliStolUpravljanjeWeb.pdf?dl=1\"><strong>OKRUGLI STOL Lokalni razvoj \/ letak<\/strong><\/a><\/p>\n<p style=\"padding-left: 30px;\"><span style=\"color: #000000;\"><a style=\"color: #000000;\" href=\"https:\/\/www.dropbox.com\/s\/pzimbp28o8brls6\/BrosuraHRVweb.pdf?dl=1\"><strong>STRATEGIJA TERITORIJA hrv<\/strong><\/a><\/span><\/p>\n<p style=\"padding-left: 30px;\"><span style=\"color: #000000;\"><a style=\"color: #000000;\" href=\"https:\/\/www.dropbox.com\/s\/77ey5t6tolhrq7g\/BrosuraENG-Final.pdf?dl=1\"><strong>TERRITORIAL STRATEGY eng<\/strong><\/a><\/span><\/p>\n<h3>Faza 3 &#8211; Povelja<\/h3>\n<p><strong><span style=\"color: #0000ff;\">\u00a0\u00a0\u00a0\u00a0\u00a0\u00a0 <a href=\"https:\/\/www.dropbox.com\/s\/dh99ct7bluogl12\/Povelja%20razvoja%20otoka%20Cresa_za%20web.pdf?dl=1\"><span style=\"color: #000000;\">POVELJA RAZVOJA OTOKA CRESA<\/span><\/a><\/span><\/strong><\/p>\n<h3>Graditeljska ba\u0161tina otoka Cresa<\/h3>\n<p style=\"padding-left: 30px;\"><a style=\"color: #cc99ff;\" href=\"https:\/\/www.dropbox.com\/s\/igs92aww5zzwxtt\/Brosura%20bastina.pdf?dl=1\"><strong>ISTRA\u017dIVANJE BA\u0160TINE bro\u0161ura<\/strong><\/a><\/p>\n<h3>Studija krajobraza otoka Cresa<\/h3>\n<p style=\"padding-left: 30px;\"><span style=\"color: #339966;\"><a style=\"color: #339966;\" href=\"https:\/\/www.dropbox.com\/s\/1lmkruxgtwxoowt\/KrajobraznaStudijaCresWeb.pdf?dl=1\"><strong>KRAJOBRAZNA STUDIJA OTOKA CRESA hrv<\/strong><\/a><\/span><\/p>\n<p style=\"padding-left: 30px;\"><span style=\"color: #339966;\"><a style=\"color: #339966;\" href=\"https:\/\/www.dropbox.com\/s\/jm4qffel87699h0\/final_kartaWEB.jpg?dl=1\"><strong>&#8211; Karta osjetljivosti krajobraza hrv<\/strong><\/a><\/span><\/p>\n<p style=\"padding-left: 30px;\"><span style=\"color: #339966;\">&#8211; <a style=\"color: #339966;\" href=\"https:\/\/www.dropbox.com\/s\/gpngkmldxvq0klg\/preglednaWEB.jpg?dl=1\"><strong>Pregledna karta krajobraza hrv<\/strong><\/a><\/span><\/p>\n<p style=\"padding-left: 30px;\"><span style=\"color: #339966;\"><a style=\"color: #339966;\" href=\"https:\/\/www.dropbox.com\/s\/qpbr2yjcnuzpaf0\/problemskaWEB.jpg?dl=1\"><strong>&#8211; Problemska karta krajobraza hrv<\/strong><\/a><\/span><\/p>\n<p style=\"padding-left: 30px;\"><span style=\"color: #339966;\"><a style=\"color: #339966;\" href=\"https:\/\/www.dropbox.com\/s\/rslpzznmdtvsgp9\/VPKWEB.jpg?dl=1\"><strong>&#8211; Karta vizura, prirodnog i kulturnog krajobraza hrv<\/strong><\/a><\/span><\/p>\n<p style=\"padding-left: 60px;\"><span style=\"color: #99cc00;\"><a style=\"color: #99cc00;\" href=\"https:\/\/www.dropbox.com\/s\/pvda7sg99vxhxqm\/Cres_Landscape_final_ENGL.pdf?dl=1\"><strong>LANDSCAPE STUDY ISLAND OF CRES eng<\/strong><\/a><\/span><\/p>\n<p style=\"padding-left: 60px;\"><span style=\"color: #99cc00;\"><a style=\"color: #99cc00;\" href=\"https:\/\/www.dropbox.com\/s\/1rbdmfqwpd6oiky\/FinalEngl.pdf?dl=1\"><strong>&#8211; Sensitivity map eng<\/strong><\/a><\/span><\/p>\n<p style=\"padding-left: 60px;\"><span style=\"color: #99cc00;\"><a style=\"color: #99cc00;\" href=\"https:\/\/www.dropbox.com\/s\/x62pkmhiqmx5fir\/pregledna_ENGL.pdf?dl=1\"><strong>&#8211; Overview map eng<\/strong><\/a><\/span><\/p>\n<p style=\"padding-left: 60px;\"><span style=\"color: #99cc00;\"><a style=\"color: #99cc00;\" href=\"https:\/\/www.dropbox.com\/s\/9e6xoy3cmpp1f30\/Problemska_finENGL.pdf?dl=1\"><strong>&#8211; Problem map eng<\/strong><\/a><\/span><\/p>\n<p style=\"padding-left: 60px;\"><span style=\"color: #99cc00;\"><a style=\"color: #99cc00;\" href=\"https:\/\/www.dropbox.com\/s\/n8mx2jpe009vzn8\/vpk_1engl.pdf?dl=1\"><strong>&#8211; Landscape valorisation map eng<\/strong><\/a><\/span><\/p>\n<div class=\"fcbk_share\"><div class=\"fcbk_like\"><fb:like href=\"https:\/\/www.pplr-otokcres.info\/?page_id=105\" action=\"like\" colorscheme=\"light\" layout=\"button_count\"  share=\"false\"><\/fb:like><\/div><\/div>","protected":false},"excerpt":{"rendered":"<p>PPLR je tijekom godina izdao ve\u0107i broj publikacija od kojih su sve prevedene i na engleski jezik. Klikom na sljede\u0107e linkove automatski zapo\u010dinje download publikacija i bro\u0161ura. &nbsp; Faza 1 &#8211; Uvod i Dijagnoza PPLR Otok Cres PPLR bro\u0161ura PPLR Vodi\u010d DIJAGNOZA TERITORIJA hrv TERRITORIAL DIAGNOSIS eng Faza 2 &#8211; Strategija i partnerstvo IZRADA STRATEGIJE [&hellip;]<\/p>\n","protected":false},"author":1,"featured_media":0,"parent":0,"menu_order":0,"comment_status":"open","ping_status":"open","template":"","meta":{"footnotes":""},"_links":{"self":[{"href":"https:\/\/www.pplr-otokcres.info\/index.php?rest_route=\/wp\/v2\/pages\/105"}],"collection":[{"href":"https:\/\/www.pplr-otokcres.info\/index.php?rest_route=\/wp\/v2\/pages"}],"about":[{"href":"https:\/\/www.pplr-otokcres.info\/index.php?rest_route=\/wp\/v2\/types\/page"}],"author":[{"embeddable":true,"href":"https:\/\/www.pplr-otokcres.info\/index.php?rest_route=\/wp\/v2\/users\/1"}],"replies":[{"embeddable":true,"href":"https:\/\/www.pplr-otokcres.info\/index.php?rest_route=%2Fwp%2Fv2%2Fcomments&post=105"}],"version-history":[{"count":22,"href":"https:\/\/www.pplr-otokcres.info\/index.php?rest_route=\/wp\/v2\/pages\/105\/revisions"}],"predecessor-version":[{"id":572,"href":"https:\/\/www.pplr-otokcres.info\/index.php?rest_route=\/wp\/v2\/pages\/105\/revisions\/572"}],"wp:attachment":[{"href":"https:\/\/www.pplr-otokcres.info\/index.php?rest_route=%2Fwp%2Fv2%2Fmedia&parent=105"}],"curies":[{"name":"wp","href":"https:\/\/api.w.org\/{rel}","templated":true}]}}