{"id":11,"date":"2014-05-23T12:36:33","date_gmt":"2014-05-23T16:36:33","guid":{"rendered":"http:\/\/localhost:8888\/pplr\/?page_id=11"},"modified":"2016-08-12T16:49:59","modified_gmt":"2016-08-12T14:49:59","slug":"projekt","status":"publish","type":"page","link":"https:\/\/www.pplr-otokcres.info\/?page_id=11","title":{"rendered":"Projekt"},"content":{"rendered":"<p><span style=\"color: #00ccff;\"><strong>Uvod<\/strong><\/span><\/p>\n<p>&nbsp;<\/p>\n<p>Pilot projekt lokalnog razvoja (PPLR) &#8220;Otok Cres&#8221; provodio se kao dio\u00a0<a href=\"http:\/\/www.coe.int\/t\/dg4\/cultureheritage\/cooperation\/SEE\/default_en.asp\">Regionalnog programa kulturne i prirodne ba\u0161tine u Jugoisto\u010dnoj Europi<\/a>\u00a0koji je\u00a0Vije\u0107e Europe\u00a0provodilo od 2003. godine. U programu, koji se sastojao od\u00a0tri komponente (izgradnja institucionalnih sposobnosti, rehabilitacija naslje\u0111a i lokalni razvoj), sudjelovali su Albanija, Biv\u0161a jugoslavenska Republika Makedonija, Bosna i Hercegovina, Bugarska, Crna Gora, Hrvatska, Kosovo, Rumunjska i Srbija.<\/p>\n<p>Otok Cres izabran je 2008. godine kao ogledno podru\u010dje za provedbu Pilot projekta lokalnog razvoja (PPLR). Projekt je iniciralo Vije\u0107e Europe, a pod koordinacijom Ministarstva kulture u njegovu realizaciju uklju\u010dili su se Gradovi Cres i Mali Lo\u0161inj, Primorsko-goranska \u017eupanija te ministarstva nadle\u017ena za resore za\u0161tite prirode i okoli\u0161a, regionalnog razvoja i razvoja otoka, poljoprivrede, turizma i prostornog planiranja.<\/p>\n<p>&nbsp;<\/p>\n<p><span style=\"color: #00ccff;\"><strong>Partneri<\/strong><\/span><\/p>\n<p style=\"padding-left: 30px;\"><span style=\"color: #0000ff;\"><a style=\"color: #0000ff;\" href=\"http:\/\/www.min-kulture.hr\/\">Ministarstvo kulture<\/a><\/span><\/p>\n<p style=\"padding-left: 30px;\"><span style=\"color: #0000ff;\"><a style=\"color: #0000ff;\" href=\"http:\/\/www.mzoip.hr\/\">Ministarstvo za\u0161tite okoli\u0161a\u00a0i prirode<\/a><\/span><\/p>\n<p style=\"padding-left: 30px;\"><span style=\"color: #0000ff;\"><a style=\"color: #0000ff;\" href=\"http:\/\/www.mgipu.hr\/\">Ministarstvo graditeljstva i\u00a0prostornog ure\u0111enja<\/a><\/span><\/p>\n<p style=\"padding-left: 30px;\"><span style=\"color: #0000ff;\"><a style=\"color: #0000ff;\" href=\"https:\/\/razvoj.gov.hr\/\">Ministarstvo regionalnog razvoja<\/a><\/span><\/p>\n<p style=\"padding-left: 30px;\"><span style=\"color: #0000ff;\"><a style=\"color: #0000ff;\" href=\"http:\/\/www.pgz.hr\/\">Primorsko-goranska \u017eupanija<\/a><\/span><\/p>\n<p style=\"padding-left: 30px;\"><span style=\"color: #0000ff;\"><a style=\"color: #0000ff;\" href=\"http:\/\/www.cres.hr\/\">Grad Cres<\/a><\/span><\/p>\n<p style=\"padding-left: 30px;\"><span style=\"color: #0000ff;\"><a style=\"color: #0000ff;\" href=\"http:\/\/www.mali-losinj.hr\/\">Grad Mali Lo\u0161inj<\/a><\/span><\/p>\n<p>&nbsp;<\/p>\n<p>Odluka o izboru otoka Cresa temeljila se na njegovim karakteristikama: <strong>bogata, raznolika i ugro\u017eena kulturna i prirodna ba\u0161tina, o\u010duvan okoli\u0161, sna\u017ean identitet, negativni demografski trendovi, napu\u0161tanje i propadanje ruralnih naselja te pote\u0161ko\u0107e u nastavku provedbe dosada\u0161njih razvojnih modela.<\/strong><\/p>\n<p>Svrha PPLR-a bila je prona\u0107i odgovor za pote\u0161ko\u0107e i izazove povezane s integriranim razvojem i planiranjem budu\u0107nosti ruralnih krajeva posebnih karakteristika, uvo\u0111enjem inovativnih i druga\u010dijih postupaka i praksi koje \u0107e omogu\u0107iti njihov razvoj na temelju vlastitih resursa, po\u0161tuju\u0107i specifi\u010dnosti podru\u010dja.<\/p>\n<p>&nbsp;<\/p>\n<p><span style=\"color: #00ccff;\"><strong>Op\u0107i cilj<\/strong><\/span><\/p>\n<p>Istra\u017eiti dugoro\u010dni potencijal regije u socijalnom i gospodarskom razvoju na temelju kulturnih i prirodnih bogatstava pomo\u0107u eksperimentalne dimenzije pilot projekta lokalnog razvoja.<\/p>\n<p>&nbsp;<\/p>\n<p>Program PPLR-a bio je izra\u0111en u skladu s prioritetima Vije\u0107a Europe i dio je op\u0107eg politi\u010dkog i dru\u0161tvenog procesa koji se pokazao potrebnim zbog mnogobrojnih kriza koje su posljednjih godina pogodile Europu. Jedinstveni doprinos PPLR-a po\u010diva na teritorijalnom i lokaliziranom pristupu koji promi\u010de:<\/p>\n<ul>\n<li style=\"padding-left: 30px;\"><strong>&#8211; demokratsku kulturu<\/strong>\u00a0koja gra\u0111anima i zajednicama daje temeljnu ulogu u oblikovanju politike, dono\u0161enju odluka i upravljanju teritorijem, kao potpora aktivnostima nadle\u017enih tijela i institucija;<\/li>\n<li style=\"padding-left: 30px;\"><strong>&#8211; razvojni model<\/strong>\u00a0koji osigurava koheziju i socijalnu pravdu, suzbija siroma\u0161tvo i isklju\u010denost te unaprje\u0111uje kvalitetu \u017eivota i \u017eivotnu okolinu \u010dovjeka;<\/li>\n<li style=\"padding-left: 30px;\"><strong>&#8211; dru\u0161tvenu i gospodarsku vrijednost<\/strong>\u00a0ba\u0161tine putem strategija koje uva\u017eavaju tradiciju i vje\u0161tine zajednica, najbolje iskori\u0161tavaju razli\u010ditost te obnavljaju lokalne procese.<\/li>\n<\/ul>\n<p>&nbsp;<\/p>\n<p><span style=\"color: #00ccff;\"><strong>Specifi\u010dni ciljevi<\/strong><\/span><\/p>\n<ul>\n<li style=\"padding-left: 30px;\">&#8211; Stvoriti dugoro\u010dni plan regionalnog razvoja za otok Cres.<\/li>\n<li style=\"padding-left: 30px;\">&#8211; Uspostaviti me\u0111unarodnu, dr\u017eavnu i lokalnu suradnju, odnosno multilateralnu i interdisciplinarnu suradnju me\u0111u svim zainteresiranim subjektima.<\/li>\n<li style=\"padding-left: 30px;\">&#8211; Stvoriti model za specifi\u010dne probleme hrvatskih otoka.<\/li>\n<li style=\"padding-left: 30px;\">&#8211; Uklju\u010diti lokalne ljudske resurse (&#8220;bottom-up&#8221; pristup).<\/li>\n<li style=\"padding-left: 30px;\">&#8211; Uklju\u010diti u razvojni plan unaprje\u0111enje \u017eivotnih uvjeta na otoku, razvoj otvaranja novih radnih mjesta, pobolj\u0161anje zdravstvene usluge, pobolj\u0161anje infrastrukture.<\/li>\n<li style=\"padding-left: 30px;\">&#8211; Razviti odr\u017eivi plan za kulturni turizam, s naglaskom na promociji i za\u0161titi kulturne i prirodne ba\u0161tine.<\/li>\n<li style=\"padding-left: 30px;\">&#8211; Uklju\u010diti u razvojni plan razvitak tradicionalne poljoprivrede.<\/li>\n<li style=\"padding-left: 30px;\">&#8211; Poticati nastavljanje tradicionalnih vje\u0161tina.<\/li>\n<\/ul>\n<p>&nbsp;<br \/>\n<span style=\"color: #00ccff;\"><strong>Opis<\/strong><\/span><\/p>\n<p><strong>\u00a0<\/strong>PPLR Otok Cres je usmjeren na stvaranje dugoro\u010dnog regionalnog razvojnog plana za odr\u017eivi razvoj otoka, primjenjuju\u0107i metodologiju koju je Vije\u0107e Europe predlo\u017eilo dr\u017eavnim i lokalnim partnerima. Projekt anga\u017eira lokalno stanovni\u0161tvo kao klju\u010dnog nositelja razvitka. Sastoji se od nekoliko faza koje bi trebale voditi kroz raznoliku suradnju, preuzimanje obaveza i interdisciplinarne ekspertize prema stvaranju smjernica za odr\u017eivi razvoj otoka.<\/p>\n<p>&nbsp;<\/p>\n<p><span style=\"color: #00ccff;\"><strong>O\u010dekivani rezultati<\/strong><\/span><\/p>\n<p><strong>\u00a0<\/strong>&#8211; Usvajanje regionalnog razvojnog plana kao dugoro\u010dnog razvojnog programa te potvr\u0111ivanje Plana kao regionalnog razvojnog projekta na razini \u017eupanije<\/p>\n<ul>\n<li style=\"padding-left: 30px;\">&#8211; Potpisana Povelja o teritoriju<\/li>\n<li style=\"padding-left: 30px;\">&#8211; Sastavljen popis ostvarivih projekata<\/li>\n<li style=\"padding-left: 30px;\">&#8211; Dovr\u0161ene pilot akcije<\/li>\n<li style=\"padding-left: 30px;\">&#8211; Tiskani promotivni materijali<\/li>\n<\/ul>\n<p>&nbsp;<br \/>\n<span style=\"color: #00ccff;\"><strong>Upravna tijela projekta<\/strong><\/span><\/p>\n<p><strong>\u00a0<\/strong>Upravljanje projektom strukturirano je na na\u010din da projektni partneri i dru\u0161tvena zajednica na projektnom teritoriju imaju potpun nadzor nad svim aktivnostima projekta.\u00a0Najvi\u0161e upravno tijelo projekta jest\u00a0<strong>Me\u0111uministarska komisija<\/strong>\u00a0(kasnije preimenovana u Me\u0111uministarsku radnu skupinu) koja je sastavljena od ministara ili dr\u017eavnih tajnika onih ministarstva koji su projektni partneri te predsjednika upravnog odbora projekta. Zadatak navedene komisije jest politi\u010dki potvrditi projekt, njegove rezultate i opcije za promjenu postupaka na dr\u017eavnoj razini te omogu\u0107iti uskla\u0111ivanje projekta s dr\u017eavnom politikom.<\/p>\n<p>&nbsp;<\/p>\n<p>Na lokalnoj razini projekt nadzire i usmjerava\u00a0<strong>Upravni odbor<\/strong>\u00a0od 15 \u010dlanova &#8211; predstavnika Gradova\u00a0Cresa\u00a0i\u00a0Lo\u0161inja,\u00a0Ministarstva kulture,\u00a0Primorsko -goranske \u017eupanije,\u00a0Turisti\u010dke zajednice Grada Cresa, Creskog muzeja, Udruge umirovljenika Cresa,\u00a0Poljoprivredne zadruge Cres,\u00a0Javne ustanove &#8220;Priroda&#8221;. Predsjednik Upravnog odbora je gradona\u010delnik Grada Cresa, gospodin Kristijan Jurjako. Uloga Upravnog odbora jest rukovoditi, nadzirati i potvrditi pilot projekt na lokalnoj razini,imenovati Voditelja projekta i \u010dlanove Jedinice za provedbu projekta, usvojiti akcijske planove, pregovarati oko prora\u010duna i politi\u010dkih odluka s Me\u0111uministarskom komisijom te predlo\u017eiti rezultate koje treba usvojiti Me\u0111uministarska komisija.<\/p>\n<p>&nbsp;<\/p>\n<p><strong>Koordinator programa<\/strong>, gospo\u0111a Ranka Sara\u010devi\u0107-Wurth i<strong>\u00a0Koordinator projekta<\/strong>, gospo\u0111a Tatjana Loli\u0107, zadu\u017eene su za komunikaciju s Vije\u0107em Europe i koordiniranje rada izme\u0111u raznih upravnih tijela projekta.<\/p>\n<p>&nbsp;<\/p>\n<p>Za provedbu pilot projekta lokalnoj razini i ostvarivanje tehni\u010dkih rezultata odgovorna je\u00a0<strong>Jedinica za provedbu projekta<\/strong>\u00a0(JPP) na \u010delu s Voditeljem projekta i administrativnom tajnikom. Ona je tako\u0111er zadu\u017eena za organizaciju svih aktivnosti: pripremu godi\u0161njeg programa rada, uklju\u010duju\u0107i prora\u010dun i komunikacijski plan za dijagnosti\u010dku fazu, organizaciju rada radnih skupina, razradu jednogodi\u0161njeg akcijskog plana (program rada, raspored, prora\u010dun), obavlja poslove tajni\u0161tva Me\u0111uministarske radne skupine\u00a0i Upravnog odbora, organizira njihove sjednice, izvje\u0161\u0107uje ih o rezultatima projekta te im se obra\u0107a s prijedlozima i preporukama.<\/p>\n<p>&nbsp;<br \/>\n<span style=\"color: #00ccff;\"><strong>Faze provedbe projekta<\/strong><\/span><\/p>\n<p>Projekt se provodio od 2008. godine,\u00a0u tri odvojene faze. U svakoj fazi osnovalo se nekoliko radnih skupina koje su\u00a0zajedni\u010dkim radom donijela\u00a0odgovore na odre\u0111ena pitanja:<\/p>\n<ol>\n<li>Faza &#8211;\u00a0<strong>Dijagnoza\u00a0<\/strong>&#8211; Tko smo? Koje su na\u0161e snage i slabosti?<\/li>\n<li>Faza &#8211;\u00a0<strong>Strategija\u00a0<\/strong>&#8211; \u0160to \u017eelimo? \u0160to \u0107emo u\u010diniti?<\/li>\n<li>Faza &#8211;\u00a0<strong>Akcijski plan<\/strong>\u00a0&#8211; Kako \u0107emo to u\u010diniti?<\/li>\n<\/ol>\n<p>Kraj zadnje faze trebao bi rezultirati potpisanom i usvojenom\u00a0<strong>Poveljom teritorija<\/strong>.U ovom trenutku projekt se nalazi u fazi prelaska iz pilota u provedbu. Sve navedene faze su dovr\u0161ene te su izdane\u00a0brojne\u00a0<a href=\"http:\/\/www.pplr-otokcres.info\/?page_id=105\">publikacije<\/a>, doneseni dokumenti i\u00a0provedena istra\u017eivanja u suradnji sa stru\u010dnjacima i lokalnim stanovni\u0161tvom.<\/p>\n<p>&nbsp;<br \/>\n<span style=\"color: #00ccff;\"><strong>Financiranje<\/strong><\/span><\/p>\n<p><strong>\u00a0<\/strong>Projekt se financirao doprinosima projektnih partnera (Ministarstvo kulture, Primorsko-goranska \u017eupanija, Grad Cres), a najve\u0107im dijelom sredstvima Vije\u0107a Europe.Va\u017eno je naglasiti da u prora\u010dunu projekta ne postoje sredstva namijenjena za financiranje aktivnosti u javnom, civilnom ili poslovnom sektoru.<\/p>\n<div class=\"fcbk_share\"><div class=\"fcbk_like\"><fb:like href=\"https:\/\/www.pplr-otokcres.info\/?page_id=11\" action=\"like\" colorscheme=\"light\" layout=\"button_count\"  share=\"false\"><\/fb:like><\/div><\/div>","protected":false},"excerpt":{"rendered":"<p>Uvod &nbsp; Pilot projekt lokalnog razvoja (PPLR) &#8220;Otok Cres&#8221; provodio se kao dio\u00a0Regionalnog programa kulturne i prirodne ba\u0161tine u Jugoisto\u010dnoj Europi\u00a0koji je\u00a0Vije\u0107e Europe\u00a0provodilo od 2003. godine. U programu, koji se sastojao od\u00a0tri komponente (izgradnja institucionalnih sposobnosti, rehabilitacija naslje\u0111a i lokalni razvoj), sudjelovali su Albanija, Biv\u0161a jugoslavenska Republika Makedonija, Bosna i Hercegovina, Bugarska, Crna Gora, Hrvatska, [&hellip;]<\/p>\n","protected":false},"author":1,"featured_media":0,"parent":0,"menu_order":0,"comment_status":"closed","ping_status":"closed","template":"","meta":{"footnotes":""},"_links":{"self":[{"href":"https:\/\/www.pplr-otokcres.info\/index.php?rest_route=\/wp\/v2\/pages\/11"}],"collection":[{"href":"https:\/\/www.pplr-otokcres.info\/index.php?rest_route=\/wp\/v2\/pages"}],"about":[{"href":"https:\/\/www.pplr-otokcres.info\/index.php?rest_route=\/wp\/v2\/types\/page"}],"author":[{"embeddable":true,"href":"https:\/\/www.pplr-otokcres.info\/index.php?rest_route=\/wp\/v2\/users\/1"}],"replies":[{"embeddable":true,"href":"https:\/\/www.pplr-otokcres.info\/index.php?rest_route=%2Fwp%2Fv2%2Fcomments&post=11"}],"version-history":[{"count":14,"href":"https:\/\/www.pplr-otokcres.info\/index.php?rest_route=\/wp\/v2\/pages\/11\/revisions"}],"predecessor-version":[{"id":528,"href":"https:\/\/www.pplr-otokcres.info\/index.php?rest_route=\/wp\/v2\/pages\/11\/revisions\/528"}],"wp:attachment":[{"href":"https:\/\/www.pplr-otokcres.info\/index.php?rest_route=%2Fwp%2Fv2%2Fmedia&parent=11"}],"curies":[{"name":"wp","href":"https:\/\/api.w.org\/{rel}","templated":true}]}}