{"id":484,"date":"2015-12-21T23:56:11","date_gmt":"2015-12-21T22:56:11","guid":{"rendered":"http:\/\/www.pplr-otokcres.info\/?page_id=484"},"modified":"2016-08-12T17:14:19","modified_gmt":"2016-08-12T15:14:19","slug":"graditeljska-bastina","status":"publish","type":"page","link":"https:\/\/www.pplr-otokcres.info\/?page_id=484","title":{"rendered":"Graditeljska ba\u0161tina"},"content":{"rendered":"<h3 style=\"text-align: center;\">Graditeljska ba\u0161tina &#8211; online GIS baza<\/h3>\n<p>&nbsp;<\/p>\n<h4 style=\"text-align: left; padding-left: 30px;\"><span style=\"color: #00ccff;\">\u0160to se nalazi na interaktivnoj karti<\/span><\/h4>\n<p>&nbsp;<\/p>\n<h5>Unato\u010d tome \u0161to daje dojam \u201eprazne karte\u201c, ovaj interaktivni prikaz krije vi\u0161e od 800 istra\u017eenih, opisanih i lociranih objekata graditeljske ba\u0161tine otoka Cresa. Objektima graditeljske ba\u0161tine se podrazumijevaju sakralne i stambene gra\u0111evine povijesnog i kulturnog zna\u010daja, kao \u0161to su kapelice i crkvice te pastirski stanovi.<\/h5>\n<h5>Inventarizacija i istra\u017eivanje graditeljske i kulturne ba\u0161tine provodilo se tijekom 2013. godine, kao jedno od projektnih aktivnosti Pilot projekta lokalnog razvoja otoka Cresa. Rezultat istra\u017eivanja je opse\u017ena baza podataka koja okuplja informacije o svim zabilje\u017eenim i geolociranim objektima. Velik dio spomenutih rezultata nalazi se na ovoj interaktivnoj karti.<\/h5>\n<p>&nbsp;<\/p>\n<h4 style=\"padding-left: 30px;\"><span style=\"color: #00ccff;\">Kako koristiti interaktivnu kartu graditeljske ba\u0161tine<\/span><\/h4>\n<p>&nbsp;<\/p>\n<h5>Uve\u0107anjem karte (klikom na + na karti) prikazat \u0107e plavo obojene granice objekata. Klikom na pojedini objekt prikazuju se dostupne informacije, kao \u0161to su: vrsta objekta, vrijeme nastanka, status za\u0161tite, stanje o\u010duvanosti, izvornost te izabrana fotografija. Dostupnost informacija ovisi o pojedinom objektu &#8211; nisu svi jednako poja\u0161njeni.<\/h5>\n<h5 style=\"text-align: justify;\">Pretra\u017eivanje objekata se mo\u017ee posti\u0107i i putem popisa objekata. Popisu se mo\u017ee pristupiti klikom na ikonu u gornjem lijevom kutu karte, nakon \u010dega \u0107e se prikazati pomi\u010dni prozor unutar kojeg se mogu dalje pretra\u017eivati objetki. Klikom na ikonu u gornjem desnom kutu interaktivne karte, kartu otvara u novom prozoru.<\/h5>\n<h5 style=\"text-align: justify;\">Za dodatne upite ili uvid u cijelu bazu podataka, slobodno nam se obratite na <strong>info@pplr-otokcres.info.<\/strong><\/h5>\n<p>&nbsp;<\/p>\n<p><iframe loading=\"lazy\" src=\"https:\/\/www.google.com\/maps\/d\/embed?mid=z8KWSS61Y6wU.kO2KVojHTvIQ\" width=\"1000\" height=\"768\"><\/iframe><\/p>\n<div class=\"fcbk_share\"><div class=\"fcbk_like\"><fb:like href=\"https:\/\/www.pplr-otokcres.info\/?page_id=484\" action=\"like\" colorscheme=\"light\" layout=\"button_count\"  share=\"false\"><\/fb:like><\/div><\/div>","protected":false},"excerpt":{"rendered":"<p>Graditeljska ba\u0161tina &#8211; online GIS baza &nbsp; \u0160to se nalazi na interaktivnoj karti &nbsp; Unato\u010d tome \u0161to daje dojam \u201eprazne karte\u201c, ovaj interaktivni prikaz krije vi\u0161e od 800 istra\u017eenih, opisanih i lociranih objekata graditeljske ba\u0161tine otoka Cresa. Objektima graditeljske ba\u0161tine se podrazumijevaju sakralne i stambene gra\u0111evine povijesnog i kulturnog zna\u010daja, kao \u0161to su kapelice i [&hellip;]<\/p>\n","protected":false},"author":1,"featured_media":0,"parent":0,"menu_order":0,"comment_status":"open","ping_status":"open","template":"fullwidth.php","meta":{"footnotes":""},"_links":{"self":[{"href":"https:\/\/www.pplr-otokcres.info\/index.php?rest_route=\/wp\/v2\/pages\/484"}],"collection":[{"href":"https:\/\/www.pplr-otokcres.info\/index.php?rest_route=\/wp\/v2\/pages"}],"about":[{"href":"https:\/\/www.pplr-otokcres.info\/index.php?rest_route=\/wp\/v2\/types\/page"}],"author":[{"embeddable":true,"href":"https:\/\/www.pplr-otokcres.info\/index.php?rest_route=\/wp\/v2\/users\/1"}],"replies":[{"embeddable":true,"href":"https:\/\/www.pplr-otokcres.info\/index.php?rest_route=%2Fwp%2Fv2%2Fcomments&post=484"}],"version-history":[{"count":11,"href":"https:\/\/www.pplr-otokcres.info\/index.php?rest_route=\/wp\/v2\/pages\/484\/revisions"}],"predecessor-version":[{"id":532,"href":"https:\/\/www.pplr-otokcres.info\/index.php?rest_route=\/wp\/v2\/pages\/484\/revisions\/532"}],"wp:attachment":[{"href":"https:\/\/www.pplr-otokcres.info\/index.php?rest_route=%2Fwp%2Fv2%2Fmedia&parent=484"}],"curies":[{"name":"wp","href":"https:\/\/api.w.org\/{rel}","templated":true}]}}